{"id":98,"date":"2026-01-02T23:27:46","date_gmt":"2026-01-02T23:27:46","guid":{"rendered":"https:\/\/amopa16.fr\/?page_id=98"},"modified":"2026-02-11T12:05:46","modified_gmt":"2026-02-11T12:05:46","slug":"notre-equipe","status":"publish","type":"page","link":"https:\/\/amopa16.fr\/index.php\/notre-equipe\/","title":{"rendered":"Composition du Conseil de la section"},"content":{"rendered":"\n<p>Composition du Conseil de la section :<\/p>\n\n\n\n<figure class=\"wp-block-table is-style-regular\"><table class=\"has-fixed-layout\"><tbody><tr><td>Pr\u00e9sident<\/td><td>St\u00e9phane GEYSSELY<\/td><\/tr><tr><td>Vice-pr\u00e9sidents<\/td><td>Olivier DRAULT<br>Roland ELUERD<br><\/td><\/tr><tr><td>Tr\u00e9sorier<\/td><td>Jos\u00e9 COUTINHO<\/td><\/tr><tr><td>Tr\u00e9sorier adjoint<\/td><td>Pierre JALADE<\/td><\/tr><tr><td>Secr\u00e9taire<\/td><td>Anne LAMY<\/td><\/tr><tr><td><\/td><td><\/td><\/tr><tr><td>Membres actifs<\/td><td>Colette CHARRIER-LIGONAT<br>Guy MARTIN<br>Robert PENAFIEL<br>Armelle ROCHE<br>Claire SIMON<\/td><\/tr><\/tbody><\/table><\/figure>\n\n\n\n<p><\/p>\n\n\n\n<p>La section est organis\u00e9e en commissions, avec deux r\u00e9f\u00e9rents par commission :<\/p>\n\n\n\n<p><strong>Commission 1 : Concours de l\u2019AMOPA<\/strong><\/p>\n\n\n\n<ul class=\"wp-block-list\">\n<li>Anne Lamy et Jos\u00e9 Coutinho<\/li>\n<\/ul>\n\n\n\n<p><strong>Commission 2 : Communication<\/strong><\/p>\n\n\n\n<ul class=\"wp-block-list\">\n<li>St\u00e9phane Geyssely \u00a0<\/li>\n<\/ul>\n\n\n\n<p><strong>Commission 3 : Recherche d\u2019adh\u00e9rents<\/strong><\/p>\n\n\n\n<ul class=\"wp-block-list\">\n<li>Pierre Jalade et Olivier Drault<\/li>\n<\/ul>\n\n\n\n<p><strong>Commission 4 : Recherche de partenaires \/ donateurs<\/strong><\/p>\n\n\n\n<ul class=\"wp-block-list\">\n<li>Jos\u00e9 Coutinho et Olivier Drault<\/li>\n<\/ul>\n\n\n\n<p><strong>Commission 5 : Organisation d\u2019\u00e9v\u00e9nements<\/strong><\/p>\n\n\n\n<ul class=\"wp-block-list\">\n<li><\/li>\n<\/ul>\n\n\n\n<p><\/p>\n\n\n\n<p>Tous les adh\u00e9rents int\u00e9ress\u00e9s pour contribuer \u00e0 une ou plusieurs commissions sont les bienvenus.<\/p>\n","protected":false},"excerpt":{"rendered":"<p>Composition du Conseil de la section : Pr\u00e9sident St\u00e9phane GEYSSELY Vice-pr\u00e9sidents Olivier DRAULTRoland ELUERD Tr\u00e9sorier Jos\u00e9 COUTINHO Tr\u00e9sorier adjoint Pierre JALADE Secr\u00e9taire Anne LAMY Membres actifs Colette CHARRIER-LIGONATGuy MARTINRobert PENAFIELArmelle ROCHEClaire SIMON La section est organis\u00e9e en commissions, avec deux r\u00e9f\u00e9rents par commission : Commission 1 : Concours de l\u2019AMOPA Commission 2 : Communication Commission [&hellip;]<\/p>\n","protected":false},"author":1,"featured_media":0,"parent":0,"menu_order":0,"comment_status":"closed","ping_status":"closed","template":"","meta":{"footnotes":""},"class_list":["post-98","page","type-page","status-publish","hentry"],"_links":{"self":[{"href":"https:\/\/amopa16.fr\/index.php\/wp-json\/wp\/v2\/pages\/98","targetHints":{"allow":["GET"]}}],"collection":[{"href":"https:\/\/amopa16.fr\/index.php\/wp-json\/wp\/v2\/pages"}],"about":[{"href":"https:\/\/amopa16.fr\/index.php\/wp-json\/wp\/v2\/types\/page"}],"author":[{"embeddable":true,"href":"https:\/\/amopa16.fr\/index.php\/wp-json\/wp\/v2\/users\/1"}],"replies":[{"embeddable":true,"href":"https:\/\/amopa16.fr\/index.php\/wp-json\/wp\/v2\/comments?post=98"}],"version-history":[{"count":2,"href":"https:\/\/amopa16.fr\/index.php\/wp-json\/wp\/v2\/pages\/98\/revisions"}],"predecessor-version":[{"id":181,"href":"https:\/\/amopa16.fr\/index.php\/wp-json\/wp\/v2\/pages\/98\/revisions\/181"}],"wp:attachment":[{"href":"https:\/\/amopa16.fr\/index.php\/wp-json\/wp\/v2\/media?parent=98"}],"curies":[{"name":"wp","href":"https:\/\/api.w.org\/{rel}","templated":true}]}}