{"id":63,"date":"2025-12-21T09:10:52","date_gmt":"2025-12-21T09:10:52","guid":{"rendered":"https:\/\/amopa16.fr\/?page_id=63"},"modified":"2026-01-02T22:52:38","modified_gmt":"2026-01-02T22:52:38","slug":"concours-de-lamopa","status":"publish","type":"page","link":"https:\/\/amopa16.fr\/index.php\/concours-de-lamopa\/","title":{"rendered":"Concours de l&rsquo;AMOPA"},"content":{"rendered":"\n<p>La section Charente soutient 3 concours organis\u00e9s par l&rsquo;AMOPA :<\/p>\n\n\n\n<ul class=\"wp-block-list\">\n<li>Le prix de r\u00e9citation<\/li>\n\n\n\n<li>Les math\u00e9matiques \u00e0 travers le temps<\/li>\n\n\n\n<li>IA et moi<\/li>\n<\/ul>\n\n\n\n<p><\/p>\n\n\n\n<h2 class=\"wp-block-heading\">Le prix de r\u00e9citation<\/h2>\n\n\n\n<figure class=\"wp-block-image size-full\"><img loading=\"lazy\" decoding=\"async\" width=\"768\" height=\"220\" src=\"https:\/\/amopa16.fr\/wp-content\/uploads\/2025\/12\/PrixRecitation.webp\" alt=\"\" class=\"wp-image-64\" srcset=\"https:\/\/amopa16.fr\/wp-content\/uploads\/2025\/12\/PrixRecitation.webp 768w, https:\/\/amopa16.fr\/wp-content\/uploads\/2025\/12\/PrixRecitation-300x86.webp 300w\" sizes=\"auto, (max-width: 768px) 100vw, 768px\" \/><\/figure>\n\n\n\n<p>C&rsquo;est un concours ouvert aux \u00e9l\u00e8ves de CE2, CM1 et CM2.<\/p>\n\n\n\n<p>Plus d&rsquo;informations sur le site de l&rsquo;AMOPA  : <a href=\"https:\/\/amopa.asso.fr\/concours\/prix-de-recitation\/\">https:\/\/amopa.asso.fr\/concours\/prix-de-recitation\/<\/a><\/p>\n\n\n\n<h2 class=\"wp-block-heading\">Les math\u00e9matiques \u00e0 travers le temps<\/h2>\n\n\n\n<figure class=\"wp-block-image size-full\"><img loading=\"lazy\" decoding=\"async\" width=\"768\" height=\"338\" src=\"https:\/\/amopa16.fr\/wp-content\/uploads\/2026\/01\/Bandeau-concours-2026-768x338.jpg.webp\" alt=\"\" class=\"wp-image-90\" srcset=\"https:\/\/amopa16.fr\/wp-content\/uploads\/2026\/01\/Bandeau-concours-2026-768x338.jpg.webp 768w, https:\/\/amopa16.fr\/wp-content\/uploads\/2026\/01\/Bandeau-concours-2026-768x338.jpg-300x132.webp 300w\" sizes=\"auto, (max-width: 768px) 100vw, 768px\" \/><\/figure>\n\n\n\n<p>Ce concours est ouvert aux \u00e9l\u00e8ves de 4\u00e8me, 3\u00e8me et de Segpa.<\/p>\n\n\n\n<p>Plus d&rsquo;informations \u00e0 l&rsquo;adresse : <a href=\"https:\/\/amopa.asso.fr\/concours\/les-mathematiques-a-travers-le-temps\/\">https:\/\/amopa.asso.fr\/concours\/les-mathematiques-a-travers-le-temps\/<\/a><\/p>\n\n\n\n<p><\/p>\n\n\n\n<h2 class=\"wp-block-heading\">L&rsquo;IA et moi<\/h2>\n\n\n\n<figure class=\"wp-block-gallery has-nested-images columns-default is-cropped wp-block-gallery-1 is-layout-flex wp-block-gallery-is-layout-flex\">\n<figure class=\"wp-block-image size-medium\"><img loading=\"lazy\" decoding=\"async\" width=\"300\" height=\"106\" data-id=\"91\" src=\"https:\/\/amopa16.fr\/wp-content\/uploads\/2026\/01\/IA-768x271.jpg-300x106.webp\" alt=\"\" class=\"wp-image-91\" srcset=\"https:\/\/amopa16.fr\/wp-content\/uploads\/2026\/01\/IA-768x271.jpg-300x106.webp 300w, https:\/\/amopa16.fr\/wp-content\/uploads\/2026\/01\/IA-768x271.jpg.webp 768w\" sizes=\"auto, (max-width: 300px) 100vw, 300px\" \/><\/figure>\n<\/figure>\n\n\n\n<p>Ce concours est ouvert aux lyc\u00e9ens et aux \u00e9tudiants jusqu&rsquo;\u00e0 Bac+3.<\/p>\n\n\n\n<p>Plus d&rsquo;informations \u00e0 l&rsquo;adresse : <a href=\"https:\/\/amopa.asso.fr\/concours\/lia-et-moi\/\">https:\/\/amopa.asso.fr\/concours\/lia-et-moi\/<\/a><\/p>\n\n\n\n<p><\/p>\n","protected":false},"excerpt":{"rendered":"<p>La section Charente soutient 3 concours organis\u00e9s par l&rsquo;AMOPA : Le prix de r\u00e9citation C&rsquo;est un concours ouvert aux \u00e9l\u00e8ves de CE2, CM1 et CM2. Plus d&rsquo;informations sur le site de l&rsquo;AMOPA : https:\/\/amopa.asso.fr\/concours\/prix-de-recitation\/ Les math\u00e9matiques \u00e0 travers le temps Ce concours est ouvert aux \u00e9l\u00e8ves de 4\u00e8me, 3\u00e8me et de Segpa. Plus d&rsquo;informations \u00e0 [&hellip;]<\/p>\n","protected":false},"author":1,"featured_media":90,"parent":0,"menu_order":0,"comment_status":"closed","ping_status":"closed","template":"","meta":{"footnotes":""},"class_list":["post-63","page","type-page","status-publish","has-post-thumbnail","hentry"],"_links":{"self":[{"href":"https:\/\/amopa16.fr\/index.php\/wp-json\/wp\/v2\/pages\/63","targetHints":{"allow":["GET"]}}],"collection":[{"href":"https:\/\/amopa16.fr\/index.php\/wp-json\/wp\/v2\/pages"}],"about":[{"href":"https:\/\/amopa16.fr\/index.php\/wp-json\/wp\/v2\/types\/page"}],"author":[{"embeddable":true,"href":"https:\/\/amopa16.fr\/index.php\/wp-json\/wp\/v2\/users\/1"}],"replies":[{"embeddable":true,"href":"https:\/\/amopa16.fr\/index.php\/wp-json\/wp\/v2\/comments?post=63"}],"version-history":[{"count":4,"href":"https:\/\/amopa16.fr\/index.php\/wp-json\/wp\/v2\/pages\/63\/revisions"}],"predecessor-version":[{"id":93,"href":"https:\/\/amopa16.fr\/index.php\/wp-json\/wp\/v2\/pages\/63\/revisions\/93"}],"wp:featuredmedia":[{"embeddable":true,"href":"https:\/\/amopa16.fr\/index.php\/wp-json\/wp\/v2\/media\/90"}],"wp:attachment":[{"href":"https:\/\/amopa16.fr\/index.php\/wp-json\/wp\/v2\/media?parent=63"}],"curies":[{"name":"wp","href":"https:\/\/api.w.org\/{rel}","templated":true}]}}